{"id":5083,"date":"2020-09-28T11:33:05","date_gmt":"2020-09-28T09:33:05","guid":{"rendered":"https:\/\/www.blumeberlin.de\/imprint\/"},"modified":"2023-07-14T21:26:40","modified_gmt":"2023-07-14T19:26:40","slug":"imprint","status":"publish","type":"page","link":"https:\/\/blumeberlin.de\/en\/imprint\/","title":{"rendered":"Imprint"},"content":{"rendered":"<ul>\n<li>\n<p>        <img decoding=\"async\" src=\"\/wp-content\/uploads\/2022\/10\/1-Terrasse-Sonne-Blume.jpg\" alt=\"\"><\/p>\n<div>Imprint<\/div>\n<\/li>\n<li>\n<p>        <img decoding=\"async\" src=\"\/wp-content\/uploads\/2022\/10\/2-6CD26612-BC99-4700-9C7A-B8799B2EBB57_1_105_c.jpeg\" alt=\"\"><\/p>\n<div>Imprint<\/div>\n<\/li>\n<li>\n<p>        <img decoding=\"async\" src=\"\/wp-content\/uploads\/2022\/10\/3-19550611-E7C3-4B49-B60C-E26A9861BAD8_1_201_a-scaled.jpeg\" alt=\"\"><\/p>\n<div>Imprint<\/div>\n<\/li>\n<li>\n<p>        <img decoding=\"async\" src=\"\/wp-content\/uploads\/2022\/10\/4-Cafe%CC%81-Blume-Wohnzimmer-1.jpg\" alt=\"\"><\/p>\n<div>Imprint<\/div>\n<\/li>\n<li>\n<p>        <img decoding=\"async\" src=\"\/wp-content\/uploads\/2022\/10\/5-19DF9862-5B43-42C1-A83C-9866E1FE1B31_1_105_c.jpeg\" alt=\"\"><\/p>\n<div>Imprint<\/div>\n<\/li>\n<li>\n<p>        <img decoding=\"async\" src=\"\/wp-content\/uploads\/2022\/10\/6-Blume-am-Tag-2.jpg\" alt=\"\"><\/p>\n<div>Imprint<\/div>\n<\/li>\n<li>\n<p>        <img decoding=\"async\" src=\"\/wp-content\/uploads\/2022\/10\/7-EB707F89-8970-408F-97BB-B1A0BA57C43F_1_201_a.jpeg\" alt=\"\"><\/p>\n<div>Imprint<\/div>\n<\/li>\n<li>\n<p>        <img decoding=\"async\" src=\"\/wp-content\/uploads\/2022\/10\/8-thumb_RZFY5779_1024.jpg\" alt=\"\"><\/p>\n<div>Imprint<\/div>\n<\/li>\n<li>\n<p>        <img decoding=\"async\" src=\"\/wp-content\/uploads\/2022\/10\/9-5A7D7B94-5688-428B-83D4-C1FE51FFBB53_1_105_c.jpeg\" alt=\"\"><\/p>\n<div>Imprint<\/div>\n<\/li>\n<li>\n<p>        <img decoding=\"async\" src=\"\/wp-content\/uploads\/2022\/10\/10-3E23D762-8C12-43BE-B26D-D819C4406CA9_1_105_c.jpeg\" alt=\"\"><\/p>\n<div>Imprint<\/div>\n<\/li>\n<li>\n<p>        <img decoding=\"async\" src=\"\/wp-content\/uploads\/2022\/10\/11-0EF11AC-1148-4E05-AF8B-13865C97C061_1_105_c.jpeg\" alt=\"\"><\/p>\n<div>Imprint<\/div>\n<\/li>\n<li>\n<p>        <img decoding=\"async\" src=\"\/wp-content\/uploads\/2022\/10\/12-CC56669A-2F30-46FF-9ADA-488AA33E17F6_1_201_a.jpeg\" alt=\"\"><\/p>\n<div>Imprint<\/div>\n<\/li>\n<li>\n<p>        <img decoding=\"async\" src=\"\/wp-content\/uploads\/2022\/10\/13-6551BD61-1131-45EF-82DF-7C3AA1778EBB_1_105_c.jpeg\" alt=\"\"><\/p>\n<div>Imprint<\/div>\n<\/li>\n<li>\n<p>        <img decoding=\"async\" src=\"\/wp-content\/uploads\/2022\/10\/14-thumb_thumb_IMG_0536_1024_1024.jpg\" alt=\"\"><\/p>\n<div>Imprint<\/div>\n<\/li>\n<li>\n<p>        <img decoding=\"async\" src=\"\/wp-content\/uploads\/2022\/10\/15-D7E8630D-E777-4B15-9FBF-6F6529B70389_1_105_c.jpeg\" alt=\"\"><\/p>\n<div>Imprint<\/div>\n<\/li>\n<li>\n<p>        <img decoding=\"async\" src=\"\/wp-content\/uploads\/2022\/10\/16-C340F26F-679F-4DDC-87C5-72E6587F52D0_1_105_c.jpeg\" alt=\"\"><\/p>\n<div>Imprint<\/div>\n<\/li>\n<li>\n<p>        <img decoding=\"async\" src=\"\/wp-content\/uploads\/2022\/10\/17-Terrasse-Blume.jpg\" alt=\"\"><\/p>\n<div>Imprint<\/div>\n<\/li>\n<\/ul>\n<h1>Imprint<\/h1>\n<div>\n<p>Blume an der Hasenheide<br \/>Fontanestr. 32<br \/>12049 Berlin-Neuk\u00f6lln<br \/>Phone +49 30 644 90 778<br \/>VAT-ID: DE 278250316<br \/>post@blumeberlin.de<\/p>\n<\/div>\n<div>\n<p>    <img decoding=\"async\" src=\"\/wp-content\/uploads\/2021\/12\/8_lageplan_big_1378371627.jpg\" alt=\"\"><\/p>\n<h3>Lageplan<\/h3>\n<\/div>\n<div>\n<p><b>Imprint<\/b><br \/>Layout:<span>\u00a0<\/span><a href=\"https:\/\/www.almaron.de\/\" target=\"_blank\" rel=\"noopener\">ALMARON<\/a><br \/>Programming and ResponsiveDesign:<span>\u00a0<\/span><a href=\"https:\/\/www.almaron.de\/\" target=\"_blank\" rel=\"noopener\">ALMARON<\/a><br \/>Photos:<span>\u00a0<\/span><a href=\"mailto:maximebckr@gmail.com\">Maxime Becker<\/a>, <a href=\"http:\/\/www.pindactica.de\" target=\"_blank\" rel=\"noopener\">Nadja Israel<\/a>,<span>\u00a0<\/span><a href=\"https:\/\/www.lichtkind.eu\" target=\"_blank\" rel=\"noopener\">Christina Oette \/ Lichtkind<\/a>, Louise Barre and the Caf\u00e9-Blume snapshot department<\/p>\n<p><b>Disclaimer and Copyright<\/b><br \/>The contents of this website have been written and checked to the best of our knowledge and belief. A liability or guarantee for the topicality, correctness and completeness of the information provided is excluded. We cannot assume any liability for direct or indirect damage resulting from the use of our website. The data is only provided for use within our online offer. They are subject to copyright. We assume no liability for websites linked to from our site.<\/p>\n<\/div>\n<p><!--more--><br \/>\n<!-- {\"type\":\"layout\",\"children\":[{\"name\":\"Slideshow_neu\",\"type\":\"section\",\"props\":{\"image_position\":\"center-center\",\"padding\":\"none\",\"padding_remove_bottom\":true,\"padding_remove_top\":false,\"style\":\"default\",\"title_breakpoint\":\"xl\",\"title_position\":\"top-left\",\"title_rotation\":\"left\",\"vertical_align\":\"middle\",\"width\":\"\"},\"children\":[{\"name\":\"\",\"type\":\"row\",\"children\":[{\"name\":\"\",\"type\":\"column\",\"props\":{\"image_position\":\"center-center\",\"media_overlay_gradient\":\"\",\"position_sticky_breakpoint\":\"m\",\"width_medium\":\"1-1\"},\"children\":[{\"name\":\"\",\"type\":\"slideshow\",\"props\":{\"class\":\"\",\"content_margin\":\"remove\",\"css\":\".el-overlay{\\n    border: 80px solid transparent;\\n\\tpadding: 0px;\\n\\tborder-image: url(\\\/wp-content\\\/uploads\\\/2022\\\/02\\\/O4YINJ1-2-830706-t.png) \\n        120 stretch;\\n    opacity: 0.7;\\n}\\n.el-title{\\n\\tbackground-color:#830706;\\t\\n}\\n.el-content{\\n\\tbackground-color: #830706;\\n}\",\"image_height\":\"1440\",\"image_width\":\"2560\",\"link_margin\":\"large\",\"link_style\":\"text\",\"link_target\":false,\"link_text\":\"Read more\",\"margin\":\"default\",\"meta_align\":\"below-title\",\"meta_element\":\"div\",\"meta_margin\":\"remove\",\"meta_style\":\"text-meta\",\"nav\":\"dotnav\",\"nav_align\":\"center\",\"nav_below\":true,\"nav_breakpoint\":\"\",\"nav_color\":\"\",\"nav_margin\":\"\",\"nav_position\":\"top-left\",\"nav_position_margin\":\"medium\",\"overlay_animation\":\"parallax\",\"overlay_container\":\"\",\"overlay_container_padding\":\"\",\"overlay_margin\":\"none\",\"overlay_padding\":\"small\",\"overlay_position\":\"bottom-right\",\"overlay_style\":\"tile-secondary\",\"overlay_width\":\"xlarge\",\"show_content\":true,\"show_link\":true,\"show_meta\":false,\"show_thumbnail\":false,\"show_title\":true,\"slidenav\":\"\",\"slidenav_breakpoint\":\"m\",\"slidenav_large\":true,\"slidenav_margin\":\"\",\"slidenav_outside_breakpoint\":\"xl\",\"slidenav_outside_color\":\"\",\"slideshow_animation\":\"fade\",\"slideshow_autoplay\":true,\"slideshow_autoplay_pause\":false,\"slideshow_box_decoration\":\"\",\"slideshow_box_shadow\":\"\",\"slideshow_height\":\"\",\"slideshow_kenburns\":\"alternate\",\"slideshow_max_height\":\"600\",\"slideshow_min_height\":\"\",\"slideshow_ratio\":\"\",\"text_align\":\"center\",\"thumbnav_height\":\"75\",\"thumbnav_svg_color\":\"emphasis\",\"thumbnav_width\":\"100\",\"title_element\":\"div\",\"title_style\":\"h1\"},\"children\":[{\"name\":\"\",\"type\":\"slideshow_item\",\"props\":{\"content\":\"\",\"image\":\"wp-content\\\/uploads\\\/2022\\\/10\\\/1-Terrasse-Sonne-Blume.jpg\",\"link\":\"\",\"link_text\":\"\",\"meta\":\"\",\"title\":\"Imprint\"}},{\"name\":\"\",\"type\":\"slideshow_item\",\"props\":{\"content\":\"\",\"image\":\"wp-content\\\/uploads\\\/2022\\\/10\\\/2-6CD26612-BC99-4700-9C7A-B8799B2EBB57_1_105_c.jpeg\",\"link\":\"\",\"link_text\":\"\",\"meta\":\"\",\"title\":\"Imprint\"}},{\"name\":\"\",\"type\":\"slideshow_item\",\"props\":{\"content\":\"\",\"image\":\"wp-content\\\/uploads\\\/2022\\\/10\\\/3-19550611-E7C3-4B49-B60C-E26A9861BAD8_1_201_a-scaled.jpeg\",\"link\":\"\",\"link_text\":\"\",\"meta\":\"\",\"title\":\"Imprint\"}},{\"name\":\"\",\"type\":\"slideshow_item\",\"props\":{\"content\":\"\",\"image\":\"wp-content\\\/uploads\\\/2022\\\/10\\\/4-Cafe\\u0301-Blume-Wohnzimmer-1.jpg\",\"link\":\"\",\"link_text\":\"\",\"meta\":\"\",\"title\":\"Imprint\"}},{\"name\":\"\",\"type\":\"slideshow_item\",\"props\":{\"content\":\"\",\"image\":\"wp-content\\\/uploads\\\/2022\\\/10\\\/5-19DF9862-5B43-42C1-A83C-9866E1FE1B31_1_105_c.jpeg\",\"link\":\"\",\"link_text\":\"\",\"meta\":\"\",\"title\":\"Imprint\"}},{\"name\":\"\",\"type\":\"slideshow_item\",\"props\":{\"content\":\"\",\"image\":\"wp-content\\\/uploads\\\/2022\\\/10\\\/6-Blume-am-Tag-2.jpg\",\"link\":\"\",\"link_text\":\"\",\"meta\":\"\",\"title\":\"Imprint\"}},{\"name\":\"\",\"type\":\"slideshow_item\",\"props\":{\"content\":\"\",\"image\":\"wp-content\\\/uploads\\\/2022\\\/10\\\/7-EB707F89-8970-408F-97BB-B1A0BA57C43F_1_201_a.jpeg\",\"link\":\"\",\"link_text\":\"\",\"meta\":\"\",\"title\":\"Imprint\"}},{\"name\":\"\",\"type\":\"slideshow_item\",\"props\":{\"content\":\"\",\"image\":\"wp-content\\\/uploads\\\/2022\\\/10\\\/8-thumb_RZFY5779_1024.jpg\",\"link\":\"\",\"link_text\":\"\",\"meta\":\"\",\"title\":\"Imprint\"}},{\"name\":\"\",\"type\":\"slideshow_item\",\"props\":{\"content\":\"\",\"image\":\"wp-content\\\/uploads\\\/2022\\\/10\\\/9-5A7D7B94-5688-428B-83D4-C1FE51FFBB53_1_105_c.jpeg\",\"link\":\"\",\"link_text\":\"\",\"meta\":\"\",\"title\":\"Imprint\"}},{\"name\":\"\",\"type\":\"slideshow_item\",\"props\":{\"content\":\"\",\"image\":\"wp-content\\\/uploads\\\/2022\\\/10\\\/10-3E23D762-8C12-43BE-B26D-D819C4406CA9_1_105_c.jpeg\",\"link\":\"\",\"link_text\":\"\",\"meta\":\"\",\"title\":\"Imprint\"}},{\"name\":\"\",\"type\":\"slideshow_item\",\"props\":{\"content\":\"\",\"image\":\"wp-content\\\/uploads\\\/2022\\\/10\\\/11-0EF11AC-1148-4E05-AF8B-13865C97C061_1_105_c.jpeg\",\"link\":\"\",\"link_text\":\"\",\"meta\":\"\",\"title\":\"Imprint\"}},{\"name\":\"\",\"type\":\"slideshow_item\",\"props\":{\"content\":\"\",\"image\":\"wp-content\\\/uploads\\\/2022\\\/10\\\/12-CC56669A-2F30-46FF-9ADA-488AA33E17F6_1_201_a.jpeg\",\"link\":\"\",\"link_text\":\"\",\"meta\":\"\",\"title\":\"Imprint\"}},{\"name\":\"\",\"type\":\"slideshow_item\",\"props\":{\"content\":\"\",\"image\":\"wp-content\\\/uploads\\\/2022\\\/10\\\/13-6551BD61-1131-45EF-82DF-7C3AA1778EBB_1_105_c.jpeg\",\"link\":\"\",\"link_text\":\"\",\"meta\":\"\",\"title\":\"Imprint\"}},{\"name\":\"\",\"type\":\"slideshow_item\",\"props\":{\"content\":\"\",\"image\":\"wp-content\\\/uploads\\\/2022\\\/10\\\/14-thumb_thumb_IMG_0536_1024_1024.jpg\",\"link\":\"\",\"link_text\":\"\",\"meta\":\"\",\"title\":\"Imprint\"}},{\"name\":\"\",\"type\":\"slideshow_item\",\"props\":{\"content\":\"\",\"image\":\"wp-content\\\/uploads\\\/2022\\\/10\\\/15-D7E8630D-E777-4B15-9FBF-6F6529B70389_1_105_c.jpeg\",\"link\":\"\",\"link_text\":\"\",\"meta\":\"\",\"title\":\"Imprint\"}},{\"name\":\"\",\"type\":\"slideshow_item\",\"props\":{\"content\":\"\",\"image\":\"wp-content\\\/uploads\\\/2022\\\/10\\\/16-C340F26F-679F-4DDC-87C5-72E6587F52D0_1_105_c.jpeg\",\"link\":\"\",\"link_text\":\"\",\"meta\":\"\",\"title\":\"Imprint\"}},{\"name\":\"\",\"type\":\"slideshow_item\",\"props\":{\"content\":\"\",\"image\":\"wp-content\\\/uploads\\\/2022\\\/10\\\/17-Terrasse-Blume.jpg\",\"link\":\"\",\"link_text\":\"\",\"meta\":\"\",\"title\":\"Imprint\"}}]}]}]}]},{\"type\":\"section\",\"props\":{\"image_position\":\"center-center\",\"style\":\"default\",\"title_breakpoint\":\"xl\",\"title_position\":\"top-left\",\"title_rotation\":\"left\",\"vertical_align\":\"middle\",\"width\":\"default\"},\"children\":[{\"type\":\"row\",\"children\":[{\"type\":\"column\",\"props\":{\"image_position\":\"center-center\",\"media_overlay_gradient\":\"\",\"position_sticky_breakpoint\":\"m\",\"width_medium\":\"1-1\"},\"children\":[{\"type\":\"headline\",\"props\":{\"content\":\"Imprint\",\"margin\":\"medium\",\"title_element\":\"h1\",\"title_style\":\"h1\"}}]}]},{\"type\":\"row\",\"props\":{\"layout\":\"1-2,1-2\"},\"children\":[{\"type\":\"column\",\"props\":{\"image_position\":\"center-center\",\"media_overlay_gradient\":\"\",\"position_sticky_breakpoint\":\"m\",\"width_medium\":\"1-2\"},\"children\":[{\"type\":\"text\",\"props\":{\"column_breakpoint\":\"m\",\"content\":\"\n\n<p>Blume an der Hasenheide<br \\\/>Fontanestr. 32<br \\\/>12049 Berlin-Neuk\\u00f6lln<br \\\/>Phone +49 30 644 90 778<br \\\/>VAT-ID: DE 278250316<br \\\/>post@blumeberlin.de<\\\/p>\",\"margin\":\"default\"}}]},{\"type\":\"column\",\"props\":{\"image\":\"\",\"image_position\":\"center-center\",\"media_overlay_gradient\":\"\",\"position_sticky_breakpoint\":\"m\",\"width_medium\":\"1-2\"},\"children\":[{\"type\":\"gallery\",\"props\":{\"content_display\":\"lightbox\",\"filter_align\":\"left\",\"filter_all\":true,\"filter_grid_breakpoint\":\"m\",\"filter_grid_width\":\"auto\",\"filter_position\":\"top\",\"filter_style\":\"tab\",\"grid_default\":\"1\",\"grid_medium\":\"1\",\"item_animation\":false,\"item_maxwidth\":\"medium\",\"lightbox\":true,\"lightbox_image_height\":\"\",\"lightbox_image_width\":\"\",\"link_fullwidth\":false,\"link_style\":\"default\",\"link_text\":\"\",\"margin\":\"default\",\"meta_align\":\"below-title\",\"meta_element\":\"div\",\"meta_style\":\"text-meta\",\"overlay_hover\":false,\"overlay_link\":true,\"overlay_maxwidth\":\"small\",\"overlay_mode\":\"cover\",\"overlay_position\":\"top-right\",\"overlay_style\":\"\",\"overlay_transition\":\"fade\",\"show_content\":false,\"show_hover_image\":false,\"show_link\":true,\"show_meta\":false,\"show_title\":false,\"text_align\":\"center\",\"text_color\":\"light\",\"title_display\":\"item\",\"title_element\":\"h3\",\"title_hover_style\":\"reset\",\"title_margin\":\"remove\"},\"children\":[{\"type\":\"gallery_item\",\"props\":{\"image\":\"wp-content\\\/uploads\\\/2021\\\/12\\\/8_lageplan_big_1378371627.jpg\",\"text_color\":\"dark\",\"title\":\"Lageplan\"}}]}]}]},{\"type\":\"row\",\"children\":[{\"type\":\"column\",\"props\":{\"image_position\":\"center-center\",\"media_overlay_gradient\":\"\",\"position_sticky_breakpoint\":\"m\"},\"children\":[{\"type\":\"text\",\"props\":{\"column_breakpoint\":\"m\",\"content\":\"\n\n<p><b>Imprint<\\\/b><br \\\/>Layout:<span>\\u00a0<\\\/span><a href=\\\"https:\\\/\\\/www.almaron.de\\\/\\\" target=\\\"_blank\\\" rel=\\\"noopener\\\">ALMARON<\\\/a><br \\\/>Programming and ResponsiveDesign:<span>\\u00a0<\\\/span><a href=\\\"https:\\\/\\\/www.almaron.de\\\/\\\" target=\\\"_blank\\\" rel=\\\"noopener\\\">ALMARON<\\\/a><br \\\/>Photos:<span>\\u00a0<\\\/span><a href=\\\"mailto:maximebckr@gmail.com\\\">Maxime Becker<\\\/a>, <a href=\\\"http:\\\/\\\/www.pindactica.de\\\" target=\\\"_blank\\\" rel=\\\"noopener\\\">Nadja Israel<\\\/a>,<span>\\u00a0<\\\/span><a href=\\\"https:\\\/\\\/www.lichtkind.eu\\\" target=\\\"_blank\\\" rel=\\\"noopener\\\">Christina Oette \\\/ Lichtkind<\\\/a>, Louise Barre and the Caf\\u00e9-Blume snapshot department<br \\\/><br \\\/><b>Disclaimer and Copyright<\\\/b><br \\\/>The contents of this website have been written and checked to the best of our knowledge and belief. A liability or guarantee for the topicality, correctness and completeness of the information provided is excluded. We cannot assume any liability for direct or indirect damage resulting from the use of our website. The data is only provided for use within our online offer. They are subject to copyright. We assume no liability for websites linked to from our site.<\\\/p>\",\"margin\":\"default\"}}]}]}]}],\"version\":\"3.0.31\",\"yooessentialsVersion\":\"1.9.8\"} --><\/p>\n","protected":false},"excerpt":{"rendered":"<p>Imprint Imprint Imprint Imprint Imprint Imprint Imprint Imprint Imprint Imprint Imprint Imprint Imprint Imprint Imprint Imprint Imprint Imprint Blume an der HasenheideFontanestr. 3212049 Berlin-Neuk\u00f6llnPhone +49 30 644 90 778VAT-ID: DE 278250316post@blumeberlin.de Lageplan ImprintLayout:\u00a0ALMARONProgramming and ResponsiveDesign:\u00a0ALMARONPhotos:\u00a0Maxime Becker, Nadja Israel,\u00a0Christina Oette \/ Lichtkind, Louise Barre and the Caf\u00e9-Blume snapshot department Disclaimer and CopyrightThe contents of this website [&hellip;]<\/p>\n","protected":false},"author":1,"featured_media":0,"parent":0,"menu_order":0,"comment_status":"closed","ping_status":"closed","template":"","meta":{"footnotes":""},"class_list":["post-5083","page","type-page","status-publish","hentry"],"yoast_head":"<!-- This site is optimized with the Yoast SEO plugin v27.4 - https:\/\/yoast.com\/product\/yoast-seo-wordpress\/ -->\n<title>Imprint | Caf\u00e9 Blume an der Hasenheide | Berlin Neuk\u00f6lln<\/title>\n<meta name=\"description\" content=\"Imprint of Caf\u00e9 Blume on Hasenheide in Berlin Neuk\u00f6lln\" \/>\n<meta name=\"robots\" content=\"index, follow, max-snippet:-1, max-image-preview:large, max-video-preview:-1\" \/>\n<link rel=\"canonical\" href=\"https:\/\/blumeberlin.de\/en\/imprint\/\" \/>\n<meta property=\"og:locale\" content=\"en_US\" \/>\n<meta property=\"og:type\" content=\"article\" \/>\n<meta property=\"og:title\" content=\"Imprint | Caf\u00e9 Blume an der Hasenheide | Berlin Neuk\u00f6lln\" \/>\n<meta property=\"og:description\" content=\"Imprint of Caf\u00e9 Blume on Hasenheide in Berlin Neuk\u00f6lln\" \/>\n<meta property=\"og:url\" content=\"https:\/\/blumeberlin.de\/en\/imprint\/\" \/>\n<meta property=\"og:site_name\" content=\"Blume an der Hasenheide\" \/>\n<meta property=\"article:modified_time\" content=\"2023-07-14T19:26:40+00:00\" \/>\n<meta name=\"twitter:card\" content=\"summary_large_image\" \/>\n<meta name=\"twitter:label1\" content=\"Est. reading time\" \/>\n\t<meta name=\"twitter:data1\" content=\"1 minute\" \/>\n<script type=\"application\/ld+json\" class=\"yoast-schema-graph\">{\"@context\":\"https:\\\/\\\/schema.org\",\"@graph\":[{\"@type\":\"WebPage\",\"@id\":\"https:\\\/\\\/blumeberlin.de\\\/en\\\/imprint\\\/\",\"url\":\"https:\\\/\\\/blumeberlin.de\\\/en\\\/imprint\\\/\",\"name\":\"Imprint | Caf\u00e9 Blume an der Hasenheide | Berlin Neuk\u00f6lln\",\"isPartOf\":{\"@id\":\"https:\\\/\\\/blumeberlin.de\\\/en\\\/#website\"},\"datePublished\":\"2020-09-28T09:33:05+00:00\",\"dateModified\":\"2023-07-14T19:26:40+00:00\",\"description\":\"Imprint of Caf\u00e9 Blume on Hasenheide in Berlin Neuk\u00f6lln\",\"breadcrumb\":{\"@id\":\"https:\\\/\\\/blumeberlin.de\\\/en\\\/imprint\\\/#breadcrumb\"},\"inLanguage\":\"en-US\",\"potentialAction\":[{\"@type\":\"ReadAction\",\"target\":[\"https:\\\/\\\/blumeberlin.de\\\/en\\\/imprint\\\/\"]}]},{\"@type\":\"BreadcrumbList\",\"@id\":\"https:\\\/\\\/blumeberlin.de\\\/en\\\/imprint\\\/#breadcrumb\",\"itemListElement\":[{\"@type\":\"ListItem\",\"position\":1,\"name\":\"Startseite\",\"item\":\"https:\\\/\\\/blumeberlin.de\\\/en\\\/\"},{\"@type\":\"ListItem\",\"position\":2,\"name\":\"Imprint\"}]},{\"@type\":\"WebSite\",\"@id\":\"https:\\\/\\\/blumeberlin.de\\\/en\\\/#website\",\"url\":\"https:\\\/\\\/blumeberlin.de\\\/en\\\/\",\"name\":\"Blume an der Hasenheide\",\"description\":\"Kaffeehaus | Fr\u00fchst\u00fcckslokal | Eventlocation\",\"publisher\":{\"@id\":\"https:\\\/\\\/blumeberlin.de\\\/en\\\/#organization\"},\"potentialAction\":[{\"@type\":\"SearchAction\",\"target\":{\"@type\":\"EntryPoint\",\"urlTemplate\":\"https:\\\/\\\/blumeberlin.de\\\/en\\\/?s={search_term_string}\"},\"query-input\":{\"@type\":\"PropertyValueSpecification\",\"valueRequired\":true,\"valueName\":\"search_term_string\"}}],\"inLanguage\":\"en-US\"},{\"@type\":\"Organization\",\"@id\":\"https:\\\/\\\/blumeberlin.de\\\/en\\\/#organization\",\"name\":\"Blume an der Hasenheide\",\"url\":\"https:\\\/\\\/blumeberlin.de\\\/en\\\/\",\"logo\":{\"@type\":\"ImageObject\",\"inLanguage\":\"en-US\",\"@id\":\"https:\\\/\\\/blumeberlin.de\\\/en\\\/#\\\/schema\\\/logo\\\/image\\\/\",\"url\":\"https:\\\/\\\/blumeberlin.de\\\/wp-content\\\/uploads\\\/2021\\\/11\\\/blume_logo.png\",\"contentUrl\":\"https:\\\/\\\/blumeberlin.de\\\/wp-content\\\/uploads\\\/2021\\\/11\\\/blume_logo.png\",\"width\":382,\"height\":126,\"caption\":\"Blume an der Hasenheide\"},\"image\":{\"@id\":\"https:\\\/\\\/blumeberlin.de\\\/en\\\/#\\\/schema\\\/logo\\\/image\\\/\"},\"sameAs\":[\"https:\\\/\\\/www.instagram.com\\\/cafe_blume\\\/\"]}]}<\/script>\n<!-- \/ Yoast SEO plugin. -->","yoast_head_json":{"title":"Imprint | Caf\u00e9 Blume an der Hasenheide | Berlin Neuk\u00f6lln","description":"Imprint of Caf\u00e9 Blume on Hasenheide in Berlin Neuk\u00f6lln","robots":{"index":"index","follow":"follow","max-snippet":"max-snippet:-1","max-image-preview":"max-image-preview:large","max-video-preview":"max-video-preview:-1"},"canonical":"https:\/\/blumeberlin.de\/en\/imprint\/","og_locale":"en_US","og_type":"article","og_title":"Imprint | Caf\u00e9 Blume an der Hasenheide | Berlin Neuk\u00f6lln","og_description":"Imprint of Caf\u00e9 Blume on Hasenheide in Berlin Neuk\u00f6lln","og_url":"https:\/\/blumeberlin.de\/en\/imprint\/","og_site_name":"Blume an der Hasenheide","article_modified_time":"2023-07-14T19:26:40+00:00","twitter_card":"summary_large_image","twitter_misc":{"Est. reading time":"1 minute"},"schema":{"@context":"https:\/\/schema.org","@graph":[{"@type":"WebPage","@id":"https:\/\/blumeberlin.de\/en\/imprint\/","url":"https:\/\/blumeberlin.de\/en\/imprint\/","name":"Imprint | Caf\u00e9 Blume an der Hasenheide | Berlin Neuk\u00f6lln","isPartOf":{"@id":"https:\/\/blumeberlin.de\/en\/#website"},"datePublished":"2020-09-28T09:33:05+00:00","dateModified":"2023-07-14T19:26:40+00:00","description":"Imprint of Caf\u00e9 Blume on Hasenheide in Berlin Neuk\u00f6lln","breadcrumb":{"@id":"https:\/\/blumeberlin.de\/en\/imprint\/#breadcrumb"},"inLanguage":"en-US","potentialAction":[{"@type":"ReadAction","target":["https:\/\/blumeberlin.de\/en\/imprint\/"]}]},{"@type":"BreadcrumbList","@id":"https:\/\/blumeberlin.de\/en\/imprint\/#breadcrumb","itemListElement":[{"@type":"ListItem","position":1,"name":"Startseite","item":"https:\/\/blumeberlin.de\/en\/"},{"@type":"ListItem","position":2,"name":"Imprint"}]},{"@type":"WebSite","@id":"https:\/\/blumeberlin.de\/en\/#website","url":"https:\/\/blumeberlin.de\/en\/","name":"Blume an der Hasenheide","description":"Kaffeehaus | Fr\u00fchst\u00fcckslokal | Eventlocation","publisher":{"@id":"https:\/\/blumeberlin.de\/en\/#organization"},"potentialAction":[{"@type":"SearchAction","target":{"@type":"EntryPoint","urlTemplate":"https:\/\/blumeberlin.de\/en\/?s={search_term_string}"},"query-input":{"@type":"PropertyValueSpecification","valueRequired":true,"valueName":"search_term_string"}}],"inLanguage":"en-US"},{"@type":"Organization","@id":"https:\/\/blumeberlin.de\/en\/#organization","name":"Blume an der Hasenheide","url":"https:\/\/blumeberlin.de\/en\/","logo":{"@type":"ImageObject","inLanguage":"en-US","@id":"https:\/\/blumeberlin.de\/en\/#\/schema\/logo\/image\/","url":"https:\/\/blumeberlin.de\/wp-content\/uploads\/2021\/11\/blume_logo.png","contentUrl":"https:\/\/blumeberlin.de\/wp-content\/uploads\/2021\/11\/blume_logo.png","width":382,"height":126,"caption":"Blume an der Hasenheide"},"image":{"@id":"https:\/\/blumeberlin.de\/en\/#\/schema\/logo\/image\/"},"sameAs":["https:\/\/www.instagram.com\/cafe_blume\/"]}]}},"_links":{"self":[{"href":"https:\/\/blumeberlin.de\/en\/wp-json\/wp\/v2\/pages\/5083","targetHints":{"allow":["GET"]}}],"collection":[{"href":"https:\/\/blumeberlin.de\/en\/wp-json\/wp\/v2\/pages"}],"about":[{"href":"https:\/\/blumeberlin.de\/en\/wp-json\/wp\/v2\/types\/page"}],"author":[{"embeddable":true,"href":"https:\/\/blumeberlin.de\/en\/wp-json\/wp\/v2\/users\/1"}],"replies":[{"embeddable":true,"href":"https:\/\/blumeberlin.de\/en\/wp-json\/wp\/v2\/comments?post=5083"}],"version-history":[{"count":16,"href":"https:\/\/blumeberlin.de\/en\/wp-json\/wp\/v2\/pages\/5083\/revisions"}],"predecessor-version":[{"id":5112,"href":"https:\/\/blumeberlin.de\/en\/wp-json\/wp\/v2\/pages\/5083\/revisions\/5112"}],"wp:attachment":[{"href":"https:\/\/blumeberlin.de\/en\/wp-json\/wp\/v2\/media?parent=5083"}],"curies":[{"name":"wp","href":"https:\/\/api.w.org\/{rel}","templated":true}]}}